{"id":1421,"date":"2023-07-30T22:04:28","date_gmt":"2023-07-30T20:04:28","guid":{"rendered":"https:\/\/pb-guitars.com\/en\/?page_id=1421"},"modified":"2023-07-30T22:04:29","modified_gmt":"2023-07-30T20:04:29","slug":"allgemeine-geschaeftsbedingungen-agb","status":"publish","type":"page","link":"https:\/\/pb-guitars.com\/en\/allgemeine-geschaeftsbedingungen-agb\/","title":{"rendered":"Allgemeine Gesch\u00e4ftsbedingungen (AGB)"},"content":{"rendered":"\n<h3 class=\"wp-block-heading\">1. Allgemeines<\/h3>\n\n\n\n<p>Diese Gesch\u00e4ftsbedingungen gelten f\u00fcr alle Vertr\u00e4ge, Lieferungen und sonstigen Leistungen von PB Gitarrenbau \u2013 Peter Bachmaier, Eibenweg 5, D-85777 Fahrenzhausen. Abweichende Vorschriften des Kunden gelten nicht. Individuelle Abreden zwischen PB Gitarrenbau \u2013 Peter Bachmaier und dem Kunden haben schriftlich zu erfolgen und haben Vorrang.<\/p>\n\n\n\n<p>Die Gesch\u00e4ftsbeziehungen zwischen PB Gitarrenbau \u2013 Peter Bachmaier und den Kunden unterliegen dem Recht der Bundesrepublik Deutschland. Die Geltung von UN Kaufrecht ist ausgeschlossen.<\/p>\n\n\n\n<p>Die Vertragssprache ist deutsch.<\/p>\n\n\n\n<p>Der Gerichtsstand ist Freising.<\/p>\n\n\n\n<p>Erf\u00fcllungsort f\u00fcr Zahlungen und Lieferungen ist am Gesch\u00e4ftssitz von PB Gitarrenbau \u2013 Peter Bachmaier.<\/p>\n\n\n\n<p>Sollten einzelne Bestimmungen dieser Vereinbarung ganz oder teilweise nicht rechtswirksam sein oder ihre Rechtswirksamkeit sp\u00e4ter verlieren, so soll hierdurch die G\u00fcltigkeit des \u00fcbrigen Vertrages nicht ber\u00fchrt werden. F\u00fcr diesen Fall verpflichten sich die Parteien, anstelle der unwirksamen eine wirksame Regelung zu vereinbaren, die, soweit rechtlich m\u00f6glich, dem mit der unwirksamen Regelung verfolgten wirtschaftlichen Zweck unter Ber\u00fccksichtigung der in diesem Vertrag zum Ausdruck gekommenen Interesse der Parteien am n\u00e4chsten kommt. Das gleiche gilt, soweit der Vertrag eine von den Parteien nicht vorhergesehene L\u00fccke aufweist.<\/p>\n\n\n\n<h3 class=\"wp-block-heading\">2. Angebot<\/h3>\n\n\n\n<p>Die Angebote von PB Gitarrenbau \u2013 Peter Bachmaier sind unverbindlich. Abweichungen gegen\u00fcber Modellen, Fotos und Anschauungsbeispielen sind aufgrund verschiedener Faktoren wie z.B. der Strukturvielfalt von H\u00f6lzern und der Lieferbarkeit von Bauteilen m\u00f6glich.<\/p>\n\n\n\n<p>Bei Lieferung von Waren, die kundenspezifisch angefertigt werden oder eindeutig auf pers\u00f6nliche Bed\u00fcrfnisse zugeschnitten sind, ist das Widerrufsrecht gem\u00e4\u00df \u00a7312 d Absatz 4 Nr. BGB ausgeschlossen.<\/p>\n\n\n\n<h3 class=\"wp-block-heading\">3. Preise<\/h3>\n\n\n\n<p>Die Ware wird zu den am \u00dcbergabetag geltenden Preisen berechnet, soweit nicht anders vereinbart. Soweit h\u00f6here Gewalt, unvorhersehbare Ereignisse oder Umst\u00e4nde die Gestehungs- und\/oder Beschaffungskosten erh\u00f6hen, kann der vereinbarte Kaufpreis entsprechend erh\u00f6ht werden, auch wenn er als fester Preis vereinbart ist. Lehnt der Kunde die Preiserh\u00f6hung ab oder erkl\u00e4rt er sich nicht unverz\u00fcglich zu ihr, kann PB Gitarrenbau \u2013 Peter Bachmaier von dem Vertrag zur\u00fccktreten, ohne dass dem Kunden daraus Anspr\u00fcche zustehen.<\/p>\n\n\n\n<p>Falls nicht anders vereinbart, sind die Preise Bruttopreise, wobei aufgrund der Kleinunter\u00adnehmer\u00adregelung \u00a719 UstG keine Mehrwertsteuer ausgewiesen werden kann.<\/p>\n\n\n\n<h3 class=\"wp-block-heading\">4. Zahlung<\/h3>\n\n\n\n<p>Bei Auftragsarbeiten ist eine Anzahlung von 50% des vereinbarten Preises vor Beginn der Arbeiten zu entrichten. Die verbleibenden 50% sind bei \u00dcbergabe oder vorab per \u00dcberweisung zu entrichten.<\/p>\n\n\n\n<p>F\u00fcr jede erforderliche Zahlung wird dem Kunden eine Rechnung mit Zahlungstermin ausgestellt.<\/p>\n\n\n\n<p>Die Ware bleibt bis zur vollst\u00e4ndigen Zahlung das Eigentum von PB Gitarrenbau \u2013 Peter Bachmaier.<\/p>\n\n\n\n<p>Bei Verweigerung der Annahme ist der Kunde zum Ersatz des entstandenen Schadens verpflichtet.<\/p>\n\n\n\n<p>Kommt der Kunde mit seinen Zahlungsverpflichtungen in Verzug, so kann PB Gitarrenbau \u2013 Peter Bachmaier Schadensersatz nach den gesetzlichen Bestimmungen verlangen und\/oder vom Vertrag zur\u00fccktreten.<\/p>\n\n\n\n<h3 class=\"wp-block-heading\">5. \u00dcbergabe \/ Lieferung \/ Lieferzeit<\/h3>\n\n\n\n<p>Die Ware ist im Normalfall in den Gesch\u00e4ftsr\u00e4umen von PB Gitarrenbau \u2013 Peter Bachmaier abzuholen.<\/p>\n\n\n\n<p>Sofern eine Lieferung vereinbart wird, geht das Risiko des Verlustes oder der Besch\u00e4digung mit \u00dcbergabe der ordnungsgem\u00e4\u00df verpackten Ware an den Transportdienstleister auf den Kunden \u00fcber.<\/p>\n\n\n\n<p>F\u00fcr die Ware wird eine Transportversicherung in Warenh\u00f6he abgeschlossen. Die Lieferkosten einschlie\u00dflich Transportversicherung sind vom Kunden zu tragen.<\/p>\n\n\n\n<p>Innerhalb Deutschland wird mit DHL versendet. Au\u00dferhalb Deutschland wird der Transportdienstleister mit dem Kunden vereinbart.<\/p>\n\n\n\n<p>Werden Waren mit offensichtlichen Sch\u00e4den an der Verpackung oder am Inhalt angeliefert, so muss der Kunde dies unbeschadet seiner Gew\u00e4hrleistungsrechte sofort beim Transportdienstleister reklamieren und unverz\u00fcglich mit PB Gitarrenbau \u2013 Peter Bachmaier Kontakt aufnehmen, damit etwaige Rechte gegen\u00fcber dem Transportdienstleister gewahrt werden k\u00f6nnen.<\/p>\n\n\n\n<p>F\u00fcr kundenspezifische Waren kann keine Lieferzeit vereinbart werden. In der Regel bel\u00e4uft sich die Lieferzeit auf 9-12 Monate, je nach Auftragsvolumen.<\/p>\n\n\n\n<p>Falls die Nichteinhaltung einer Liefer- oder Leistungsfrist auf h\u00f6here Gewalt, Arbeitskampf, unvorhersehbare Hindernisse, Nichtlieferbarkeit von Komponenten oder sonstige von PB Gitarrenbau \u2013 Peter Bachmaier nicht zu vertretende Umst\u00e4nde zur\u00fcckzuf\u00fchren ist, wird die Frist angemessen verl\u00e4ngert. Der Kunde und PB Gitarrenbau \u2013 Peter Bachmaier k\u00f6nnen nur vom Vertrag zur\u00fccktreten, wenn PB Gitarrenbau \u2013 Peter Bachmaier zu einer Lieferung nicht in der Lage ist. Irgendwelche Schadensersatzanspr\u00fcche bestehen f\u00fcr den Kunden deshalb nicht.<\/p>\n\n\n\n<h3 class=\"wp-block-heading\">6. Gew\u00e4hrleistung<\/h3>\n\n\n\n<p>PB Gitarrenbau \u2013 Peter Bachmaier gew\u00e4hrleistet, dass die Produkte zum Zeitpunkt der \u00dcbergabe frei von Sachm\u00e4ngeln sind, d.h. dass sie sich f\u00fcr die vorausgesetzte Verwendung eignen und die \u00fcbliche Beschaffenheit aufweisen. Dabei besteht kein Anspruch auf nicht vereinbarte oder nicht messbare Eigenschaften, wie z.B. bestimmte Klangeigenschaften oder ein bestimmtes Spielgef\u00fchl.<\/p>\n\n\n\n<p>Holzoberfl\u00e4chen, die nur mit \u00d6l behandelt sind, weisen eine h\u00f6here Empfindlichkeit gegen\u00fcber mechanischen Einfl\u00fcssen und Verschmutzung auf. Eine Reklamation bez\u00fcglich mechanischer Oberfl\u00e4chensch\u00e4den und Verschmutzung ist deshalb ausgeschlossen.<\/p>\n\n\n\n<p>Der Kunde hat die Ware innerhalb einer Frist von zwei Wochen nach Erhalt auf Vollst\u00e4ndigkeit und M\u00e4ngel zu untersuchen und in einem solchen Fall umgehend M\u00e4ngelanzeige vorzunehmen.<\/p>\n\n\n\n<p>Im Fall eines Mangels kann der Kunde Nachbesserung verlangen. Nach zweimaliger erfolgloser Nachbesserung hat der Kunde das Recht auf Minderung oder R\u00fccktritt vom Vertrag gem\u00e4\u00df den gesetzlichen Bestimmungen.<\/p>\n\n\n\n<p>Die Dauer der Gew\u00e4hrleistung betr\u00e4gt bei neuen Waren zwei Jahre und bei gebrauchten Waren ein Jahr ab Zugang der Ware beim Kunden. Ist der Kunde Unternehmer, so betr\u00e4gt die Gew\u00e4hrleistungsfrist bei neuen Waren ein Jahr. Bei gebrauchten Waren ist die Gew\u00e4hrleistung gegen\u00fcber Unternehmern ausgeschlossen.<\/p>\n\n\n\n<p>Schadensersatzanspr\u00fcche wegen M\u00e4ngeln sind au\u00dfer im Fall des arglistigen Verschweigens ausgeschlossen.<\/p>\n\n\n\n<p>Sch\u00e4den, die durch unsachgem\u00e4\u00dfe Handlungen des Kunden bei Bedienung, Modifikation und Lagerung der Ware hervorgerufen werden, begr\u00fcnden keinen Gew\u00e4hrleistungs\u00adanspruch.<\/p>\n\n\n\n<h3 class=\"wp-block-heading\">7. R\u00fcckgaberecht<\/h3>\n\n\n\n<p>Die Instrumente von PB Gitarrenbau \u2013 Peter Bachmaier werden gem\u00e4\u00df Kunden\u00adanforderungen gefertigt. Aus diesem Grund sind diese Instrumente von der R\u00fcckgabe und Umtausch ausgeschlossen.<\/p>\n\n\n\n<h3 class=\"wp-block-heading\">8. Widerrufsrecht<\/h3>\n\n\n\n<p>Aufgrund des gesetzlichen Widerrufsrechts kann der Kunde seine Vertragserkl\u00e4rung innerhalb von 14 Tagen ohne Angabe von Gr\u00fcnden in Textform widerrufen.<\/p>\n\n\n\n<p>Im Falle des wirksamen Widerrufs sind die beiderseits empfangenen Leistungen zur\u00fcckzugew\u00e4hren. Kann der Kunde die empfangene Leistung ganz oder teilweise nicht oder nur in verschlechtertem Zustand zur\u00fcckgew\u00e4hren, muss der Kunde insoweit Wertersatz leisten.<\/p>\n\n\n\n<p>Der Kunde muss die Waren unverz\u00fcglich nach Widerruf an PB Gitarrenbau \u2013 Peter Bachmaier zur\u00fccksenden. Der Kunde muss die Waren sicher verpacken und eine Transportversicherung in H\u00f6he des Warenwerts abschlie\u00dfen. Die Kosten der R\u00fccksendung tr\u00e4gt der Kunde.<\/p>\n\n\n\n<p>PB Gitarrenbau \u2013 Peter Bachmaier kann die R\u00fcckzahlung verweigern, bis PB Gitarrenbau \u2013 Peter Bachmaier die Waren wieder zur\u00fcckerhalten hat.<\/p>\n\n\n\n<h3 class=\"wp-block-heading\">9. Datenschutz<\/h3>\n\n\n\n<p>Kundendaten werden nicht an Dritte weitergegeben. Kundendaten werden jedoch bei PB Gitarrenbau \u2013 Peter Bachmaier f\u00fcr interne Zwecke gespeichert.<\/p>\n\n\n\n<p>Gro\u00dfn\u00f6bach, 30.7.2023<\/p>\n","protected":false},"excerpt":{"rendered":"<p>1. Allgemeines Diese Gesch\u00e4ftsbedingungen gelten f\u00fcr alle Vertr\u00e4ge, Lieferungen und sonstigen Leistungen von PB Gitarrenbau \u2013 Peter Bachmaier, Eibenweg 5, D-85777 Fahrenzhausen. Abweichende Vorschriften des Kunden gelten nicht. Individuelle Abreden zwischen PB Gitarrenbau \u2013 Peter Bachmaier und dem Kunden haben schriftlich zu erfolgen und haben Vorrang. Die Gesch\u00e4ftsbeziehungen zwischen PB Gitarrenbau \u2013 Peter Bachmaier und&hellip;&nbsp;<a href=\"https:\/\/pb-guitars.com\/en\/allgemeine-geschaeftsbedingungen-agb\/\" rel=\"bookmark\">Weiterlesen &raquo;<span class=\"screen-reader-text\">Allgemeine Gesch\u00e4ftsbedingungen (AGB)<\/span><\/a><\/p>\n","protected":false},"author":1,"featured_media":0,"parent":0,"menu_order":0,"comment_status":"closed","ping_status":"closed","template":"","meta":{"neve_meta_sidebar":"","neve_meta_container":"","neve_meta_enable_content_width":"","neve_meta_content_width":0,"neve_meta_title_alignment":"","neve_meta_author_avatar":"","neve_post_elements_order":"","neve_meta_disable_header":"","neve_meta_disable_footer":"","neve_meta_disable_title":"","footnotes":""},"class_list":["post-1421","page","type-page","status-publish","hentry"],"yoast_head":"<!-- This site is optimized with the Yoast SEO plugin v27.4 - https:\/\/yoast.com\/product\/yoast-seo-wordpress\/ -->\n<title>Allgemeine Gesch\u00e4ftsbedingungen (AGB) - Peter Bachmaier - PB Guitars<\/title>\n<meta name=\"robots\" content=\"index, follow, max-snippet:-1, max-image-preview:large, max-video-preview:-1\" \/>\n<link rel=\"canonical\" href=\"https:\/\/pb-guitars.com\/en\/allgemeine-geschaeftsbedingungen-agb\/\" \/>\n<meta property=\"og:locale\" content=\"de_DE\" \/>\n<meta property=\"og:type\" content=\"article\" \/>\n<meta property=\"og:title\" content=\"Allgemeine Gesch\u00e4ftsbedingungen (AGB) - Peter Bachmaier - PB Guitars\" \/>\n<meta property=\"og:description\" content=\"1. Allgemeines Diese Gesch\u00e4ftsbedingungen gelten f\u00fcr alle Vertr\u00e4ge, Lieferungen und sonstigen Leistungen von PB Gitarrenbau \u2013 Peter Bachmaier, Eibenweg 5, D-85777 Fahrenzhausen. Abweichende Vorschriften des Kunden gelten nicht. Individuelle Abreden zwischen PB Gitarrenbau \u2013 Peter Bachmaier und dem Kunden haben schriftlich zu erfolgen und haben Vorrang. Die Gesch\u00e4ftsbeziehungen zwischen PB Gitarrenbau \u2013 Peter Bachmaier und&hellip;&nbsp;Weiterlesen &raquo;Allgemeine Gesch\u00e4ftsbedingungen (AGB)\" \/>\n<meta property=\"og:url\" content=\"https:\/\/pb-guitars.com\/en\/allgemeine-geschaeftsbedingungen-agb\/\" \/>\n<meta property=\"og:site_name\" content=\"Peter Bachmaier - PB Guitars\" \/>\n<meta property=\"article:modified_time\" content=\"2023-07-30T20:04:29+00:00\" \/>\n<meta name=\"twitter:card\" content=\"summary_large_image\" \/>\n<meta name=\"twitter:label1\" content=\"Gesch\u00e4tzte Lesezeit\" \/>\n\t<meta name=\"twitter:data1\" content=\"6\u00a0Minuten\" \/>\n<script type=\"application\/ld+json\" class=\"yoast-schema-graph\">{\"@context\":\"https:\\\/\\\/schema.org\",\"@graph\":[{\"@type\":\"WebPage\",\"@id\":\"https:\\\/\\\/pb-guitars.com\\\/en\\\/allgemeine-geschaeftsbedingungen-agb\\\/\",\"url\":\"https:\\\/\\\/pb-guitars.com\\\/en\\\/allgemeine-geschaeftsbedingungen-agb\\\/\",\"name\":\"Allgemeine Gesch\u00e4ftsbedingungen (AGB) - Peter Bachmaier - PB Guitars\",\"isPartOf\":{\"@id\":\"https:\\\/\\\/pb-guitars.com\\\/en\\\/#website\"},\"datePublished\":\"2023-07-30T20:04:28+00:00\",\"dateModified\":\"2023-07-30T20:04:29+00:00\",\"breadcrumb\":{\"@id\":\"https:\\\/\\\/pb-guitars.com\\\/en\\\/allgemeine-geschaeftsbedingungen-agb\\\/#breadcrumb\"},\"inLanguage\":\"de\",\"potentialAction\":[{\"@type\":\"ReadAction\",\"target\":[\"https:\\\/\\\/pb-guitars.com\\\/en\\\/allgemeine-geschaeftsbedingungen-agb\\\/\"]}]},{\"@type\":\"BreadcrumbList\",\"@id\":\"https:\\\/\\\/pb-guitars.com\\\/en\\\/allgemeine-geschaeftsbedingungen-agb\\\/#breadcrumb\",\"itemListElement\":[{\"@type\":\"ListItem\",\"position\":1,\"name\":\"Startseite\",\"item\":\"https:\\\/\\\/pb-guitars.com\\\/en\\\/\"},{\"@type\":\"ListItem\",\"position\":2,\"name\":\"Allgemeine Gesch\u00e4ftsbedingungen (AGB)\"}]},{\"@type\":\"WebSite\",\"@id\":\"https:\\\/\\\/pb-guitars.com\\\/en\\\/#website\",\"url\":\"https:\\\/\\\/pb-guitars.com\\\/en\\\/\",\"name\":\"Peter Bachmaier - PB Guitars\",\"description\":\"Custom Guitars handmade in Bavaria\",\"publisher\":{\"@id\":\"https:\\\/\\\/pb-guitars.com\\\/en\\\/#\\\/schema\\\/person\\\/1b63b7ca459e34a49160c7a87f8b05e4\"},\"potentialAction\":[{\"@type\":\"SearchAction\",\"target\":{\"@type\":\"EntryPoint\",\"urlTemplate\":\"https:\\\/\\\/pb-guitars.com\\\/en\\\/?s={search_term_string}\"},\"query-input\":{\"@type\":\"PropertyValueSpecification\",\"valueRequired\":true,\"valueName\":\"search_term_string\"}}],\"inLanguage\":\"de\"},{\"@type\":[\"Person\",\"Organization\"],\"@id\":\"https:\\\/\\\/pb-guitars.com\\\/en\\\/#\\\/schema\\\/person\\\/1b63b7ca459e34a49160c7a87f8b05e4\",\"name\":\"admin\",\"image\":{\"@type\":\"ImageObject\",\"inLanguage\":\"de\",\"@id\":\"https:\\\/\\\/pb-guitars.com\\\/en\\\/wp-content\\\/uploads\\\/sites\\\/3\\\/2021\\\/09\\\/cropped-Logo_120mm-v3_rot.png\",\"url\":\"https:\\\/\\\/pb-guitars.com\\\/en\\\/wp-content\\\/uploads\\\/sites\\\/3\\\/2021\\\/09\\\/cropped-Logo_120mm-v3_rot.png\",\"contentUrl\":\"https:\\\/\\\/pb-guitars.com\\\/en\\\/wp-content\\\/uploads\\\/sites\\\/3\\\/2021\\\/09\\\/cropped-Logo_120mm-v3_rot.png\",\"width\":898,\"height\":638,\"caption\":\"admin\"},\"logo\":{\"@id\":\"https:\\\/\\\/pb-guitars.com\\\/en\\\/wp-content\\\/uploads\\\/sites\\\/3\\\/2021\\\/09\\\/cropped-Logo_120mm-v3_rot.png\"},\"description\":\"Gitarrenbauer \\\/ Luthier\",\"sameAs\":[\"http:\\\/\\\/pb-guitars.com\"]}]}<\/script>\n<!-- \/ Yoast SEO plugin. -->","yoast_head_json":{"title":"Allgemeine Gesch\u00e4ftsbedingungen (AGB) - Peter Bachmaier - PB Guitars","robots":{"index":"index","follow":"follow","max-snippet":"max-snippet:-1","max-image-preview":"max-image-preview:large","max-video-preview":"max-video-preview:-1"},"canonical":"https:\/\/pb-guitars.com\/en\/allgemeine-geschaeftsbedingungen-agb\/","og_locale":"de_DE","og_type":"article","og_title":"Allgemeine Gesch\u00e4ftsbedingungen (AGB) - Peter Bachmaier - PB Guitars","og_description":"1. Allgemeines Diese Gesch\u00e4ftsbedingungen gelten f\u00fcr alle Vertr\u00e4ge, Lieferungen und sonstigen Leistungen von PB Gitarrenbau \u2013 Peter Bachmaier, Eibenweg 5, D-85777 Fahrenzhausen. Abweichende Vorschriften des Kunden gelten nicht. Individuelle Abreden zwischen PB Gitarrenbau \u2013 Peter Bachmaier und dem Kunden haben schriftlich zu erfolgen und haben Vorrang. Die Gesch\u00e4ftsbeziehungen zwischen PB Gitarrenbau \u2013 Peter Bachmaier und&hellip;&nbsp;Weiterlesen &raquo;Allgemeine Gesch\u00e4ftsbedingungen (AGB)","og_url":"https:\/\/pb-guitars.com\/en\/allgemeine-geschaeftsbedingungen-agb\/","og_site_name":"Peter Bachmaier - PB Guitars","article_modified_time":"2023-07-30T20:04:29+00:00","twitter_card":"summary_large_image","twitter_misc":{"Gesch\u00e4tzte Lesezeit":"6\u00a0Minuten"},"schema":{"@context":"https:\/\/schema.org","@graph":[{"@type":"WebPage","@id":"https:\/\/pb-guitars.com\/en\/allgemeine-geschaeftsbedingungen-agb\/","url":"https:\/\/pb-guitars.com\/en\/allgemeine-geschaeftsbedingungen-agb\/","name":"Allgemeine Gesch\u00e4ftsbedingungen (AGB) - Peter Bachmaier - PB Guitars","isPartOf":{"@id":"https:\/\/pb-guitars.com\/en\/#website"},"datePublished":"2023-07-30T20:04:28+00:00","dateModified":"2023-07-30T20:04:29+00:00","breadcrumb":{"@id":"https:\/\/pb-guitars.com\/en\/allgemeine-geschaeftsbedingungen-agb\/#breadcrumb"},"inLanguage":"de","potentialAction":[{"@type":"ReadAction","target":["https:\/\/pb-guitars.com\/en\/allgemeine-geschaeftsbedingungen-agb\/"]}]},{"@type":"BreadcrumbList","@id":"https:\/\/pb-guitars.com\/en\/allgemeine-geschaeftsbedingungen-agb\/#breadcrumb","itemListElement":[{"@type":"ListItem","position":1,"name":"Startseite","item":"https:\/\/pb-guitars.com\/en\/"},{"@type":"ListItem","position":2,"name":"Allgemeine Gesch\u00e4ftsbedingungen (AGB)"}]},{"@type":"WebSite","@id":"https:\/\/pb-guitars.com\/en\/#website","url":"https:\/\/pb-guitars.com\/en\/","name":"Peter Bachmaier - PB Guitars","description":"Custom Guitars handmade in Bavaria","publisher":{"@id":"https:\/\/pb-guitars.com\/en\/#\/schema\/person\/1b63b7ca459e34a49160c7a87f8b05e4"},"potentialAction":[{"@type":"SearchAction","target":{"@type":"EntryPoint","urlTemplate":"https:\/\/pb-guitars.com\/en\/?s={search_term_string}"},"query-input":{"@type":"PropertyValueSpecification","valueRequired":true,"valueName":"search_term_string"}}],"inLanguage":"de"},{"@type":["Person","Organization"],"@id":"https:\/\/pb-guitars.com\/en\/#\/schema\/person\/1b63b7ca459e34a49160c7a87f8b05e4","name":"admin","image":{"@type":"ImageObject","inLanguage":"de","@id":"https:\/\/pb-guitars.com\/en\/wp-content\/uploads\/sites\/3\/2021\/09\/cropped-Logo_120mm-v3_rot.png","url":"https:\/\/pb-guitars.com\/en\/wp-content\/uploads\/sites\/3\/2021\/09\/cropped-Logo_120mm-v3_rot.png","contentUrl":"https:\/\/pb-guitars.com\/en\/wp-content\/uploads\/sites\/3\/2021\/09\/cropped-Logo_120mm-v3_rot.png","width":898,"height":638,"caption":"admin"},"logo":{"@id":"https:\/\/pb-guitars.com\/en\/wp-content\/uploads\/sites\/3\/2021\/09\/cropped-Logo_120mm-v3_rot.png"},"description":"Gitarrenbauer \/ Luthier","sameAs":["http:\/\/pb-guitars.com"]}]}},"_links":{"self":[{"href":"https:\/\/pb-guitars.com\/en\/wp-json\/wp\/v2\/pages\/1421","targetHints":{"allow":["GET"]}}],"collection":[{"href":"https:\/\/pb-guitars.com\/en\/wp-json\/wp\/v2\/pages"}],"about":[{"href":"https:\/\/pb-guitars.com\/en\/wp-json\/wp\/v2\/types\/page"}],"author":[{"embeddable":true,"href":"https:\/\/pb-guitars.com\/en\/wp-json\/wp\/v2\/users\/1"}],"replies":[{"embeddable":true,"href":"https:\/\/pb-guitars.com\/en\/wp-json\/wp\/v2\/comments?post=1421"}],"version-history":[{"count":1,"href":"https:\/\/pb-guitars.com\/en\/wp-json\/wp\/v2\/pages\/1421\/revisions"}],"predecessor-version":[{"id":1422,"href":"https:\/\/pb-guitars.com\/en\/wp-json\/wp\/v2\/pages\/1421\/revisions\/1422"}],"wp:attachment":[{"href":"https:\/\/pb-guitars.com\/en\/wp-json\/wp\/v2\/media?parent=1421"}],"curies":[{"name":"wp","href":"https:\/\/api.w.org\/{rel}","templated":true}]}}